{"id":12,"date":"2013-01-20T13:58:45","date_gmt":"2013-01-20T12:58:45","guid":{"rendered":"http:\/\/mj.w1.ms5.eu\/blog\/?page_id=12"},"modified":"2019-03-29T22:37:12","modified_gmt":"2019-03-29T21:37:12","slug":"bilder","status":"publish","type":"page","link":"https:\/\/mjott.de\/blog\/bilder\/","title":{"rendered":"Bilder"},"content":{"rendered":"<p>Meine Beitr\u00e4ge zu den Aufgaben von Happy-Shooting sind auf eine <a title=\"Happy Shooting\" href=\"https:\/\/mjott.de\/blog\/bilder\/happy-shooting\/\">Unterseite<\/a> ausgelagert.<\/p>\n<p>ngg_shortcode_0_placeholderAlle Bilder sind <a title=\"Impressum\" href=\"https:\/\/mjott.de\/blog\/impressum\/\">auf Anfrage<\/a> in h\u00f6herer Aufl\u00f6sung und ohne Wasserzeichen unter der Lizenz &#8220;Creative Commons BY-NC-ND 3.0 Deutschland&#8221; erh\u00e4ltlich und k\u00f6nnen nach R\u00fccksprache auch unter anderen Bedingungen lizenziert werden.<\/p>\n","protected":false},"excerpt":{"rendered":"<p>Meine Beitr\u00e4ge zu den Aufgaben von Happy-Shooting sind auf eine Unterseite ausgelagert. Alle Bilder sind auf Anfrage in h\u00f6herer Aufl\u00f6sung und ohne Wasserzeichen unter der Lizenz &#8220;Creative Commons BY-NC-ND 3.0 Deutschland&#8221; erh\u00e4ltlich und k\u00f6nnen nach R\u00fccksprache auch unter anderen Bedingungen lizenziert werden.<\/p>\n","protected":false},"author":1,"featured_media":0,"parent":0,"menu_order":0,"comment_status":"open","ping_status":"open","template":"","meta":{"ngg_post_thumbnail":0,"footnotes":""},"class_list":["post-12","page","type-page","status-publish"],"aioseo_notices":[],"_links":{"self":[{"href":"https:\/\/mjott.de\/blog\/wp-json\/wp\/v2\/pages\/12","targetHints":{"allow":["GET"]}}],"collection":[{"href":"https:\/\/mjott.de\/blog\/wp-json\/wp\/v2\/pages"}],"about":[{"href":"https:\/\/mjott.de\/blog\/wp-json\/wp\/v2\/types\/page"}],"author":[{"embeddable":true,"href":"https:\/\/mjott.de\/blog\/wp-json\/wp\/v2\/users\/1"}],"replies":[{"embeddable":true,"href":"https:\/\/mjott.de\/blog\/wp-json\/wp\/v2\/comments?post=12"}],"version-history":[{"count":14,"href":"https:\/\/mjott.de\/blog\/wp-json\/wp\/v2\/pages\/12\/revisions"}],"predecessor-version":[{"id":928,"href":"https:\/\/mjott.de\/blog\/wp-json\/wp\/v2\/pages\/12\/revisions\/928"}],"wp:attachment":[{"href":"https:\/\/mjott.de\/blog\/wp-json\/wp\/v2\/media?parent=12"}],"curies":[{"name":"wp","href":"https:\/\/api.w.org\/{rel}","templated":true}]}}